{"id":338,"date":"2011-05-29T14:53:05","date_gmt":"2011-05-29T14:53:05","guid":{"rendered":"http:\/\/c19cfd.pete.shared.1984.is\/wordpress\/?page_id=338"},"modified":"2019-06-06T00:48:53","modified_gmt":"2019-06-06T00:48:53","slug":"cairn","status":"publish","type":"page","link":"https:\/\/terrier.is\/?page_id=338","title":{"rendered":"Cairn Terrier"},"content":{"rendered":"<p><a href=\"https:\/\/terrier.is\/wp-content\/uploads\/2019\/01\/23331303_1492641874122659_1708247085309772177_o.jpg\"><img decoding=\"async\" loading=\"lazy\" class=\"alignnone  wp-image-616\" src=\"https:\/\/terrier.is\/wp-content\/uploads\/2019\/01\/23331303_1492641874122659_1708247085309772177_o.jpg\" alt=\"\" width=\"251\" height=\"296\" \/><\/a><\/p>\n<p><a href=\"http:\/\/fci.be\/Nomenclature\/Standards\/004g03-en.pdf\">R\u00e6ktunarmarkmi\u00f0<\/a><\/p>\n<p>Cairn terrier hundar eru skynsamir, sj\u00e1lfs\u00f6ruggir litlir hundar, sj\u00e1lfst\u00e6\u00f0ir en vinalegir vi\u00f0 alla sem \u00feeir hitta. Tegundin hefur enn\u00fe\u00e1 st\u00f3rar f\u00e6tur me\u00f0 \u00feykkum \u00fe\u00f3fum og sterkum n\u00f6glum (til a\u00f0 geta grafi\u00f0), sterkar v\u00f6\u00f0vamiklar axlir og afturenda. Hann er \u00f3hr\u00e6ddur vi\u00f0 alla hluti og \u00fev\u00ed \u00fearf \u00e1byrgan eiganda sem lei\u00f0ir hann framhj\u00e1 h\u00e6ttum l\u00edfsins.<\/p>\n","protected":false},"excerpt":{"rendered":"<p>R\u00e6ktunarmarkmi\u00f0 Cairn terrier hundar eru skynsamir, sj\u00e1lfs\u00f6ruggir litlir hundar, sj\u00e1lfst\u00e6\u00f0ir en vinalegir vi\u00f0 alla sem \u00feeir hitta. Tegundin hefur enn\u00fe\u00e1 st\u00f3rar f\u00e6tur me\u00f0 \u00feykkum \u00fe\u00f3fum og sterkum n\u00f6glum (til a\u00f0 geta grafi\u00f0), sterkar v\u00f6\u00f0vamiklar axlir og afturenda. Hann er \u00f3hr\u00e6ddur &hellip; <a href=\"https:\/\/terrier.is\/?page_id=338\">Continue reading <span class=\"meta-nav\">&rarr;<\/span><\/a><\/p>\n","protected":false},"author":1,"featured_media":0,"parent":325,"menu_order":2,"comment_status":"closed","ping_status":"open","template":"","meta":[],"_links":{"self":[{"href":"https:\/\/terrier.is\/index.php?rest_route=\/wp\/v2\/pages\/338"}],"collection":[{"href":"https:\/\/terrier.is\/index.php?rest_route=\/wp\/v2\/pages"}],"about":[{"href":"https:\/\/terrier.is\/index.php?rest_route=\/wp\/v2\/types\/page"}],"author":[{"embeddable":true,"href":"https:\/\/terrier.is\/index.php?rest_route=\/wp\/v2\/users\/1"}],"replies":[{"embeddable":true,"href":"https:\/\/terrier.is\/index.php?rest_route=%2Fwp%2Fv2%2Fcomments&post=338"}],"version-history":[{"count":6,"href":"https:\/\/terrier.is\/index.php?rest_route=\/wp\/v2\/pages\/338\/revisions"}],"predecessor-version":[{"id":667,"href":"https:\/\/terrier.is\/index.php?rest_route=\/wp\/v2\/pages\/338\/revisions\/667"}],"up":[{"embeddable":true,"href":"https:\/\/terrier.is\/index.php?rest_route=\/wp\/v2\/pages\/325"}],"wp:attachment":[{"href":"https:\/\/terrier.is\/index.php?rest_route=%2Fwp%2Fv2%2Fmedia&parent=338"}],"curies":[{"name":"wp","href":"https:\/\/api.w.org\/{rel}","templated":true}]}}