{"id":388,"date":"2011-06-11T12:51:08","date_gmt":"2011-06-11T12:51:08","guid":{"rendered":"http:\/\/c19cfd.pete.shared.1984.is\/?page_id=388"},"modified":"2011-06-11T13:16:07","modified_gmt":"2011-06-11T13:16:07","slug":"meistarar","status":"publish","type":"page","link":"https:\/\/terrier.is\/?page_id=388","title":{"rendered":"Meistarar"},"content":{"rendered":"<p><strong>Cairn terrier<\/strong><\/p>\n<p>ISCh Forevercairn Leiftur<br \/>\nIS13106\/09 &#8211; Fd: 1.2.2009<br \/>\nEigandi: Sign\u00fd \u00d3lafsd\u00f3ttir<br \/>\nR\u00e6ktandi: Krist\u00edn Sveinsd\u00f3ttir<\/p>\n<p>ISCh Svanavatns Dark Crow &#8211; Salka<br \/>\nIS11510\/08 &#8211; Fd: 2.10.2007<br \/>\nEigandi: Helga Bj\u00f6rk Har\u00f0ard\u00f3ttir<br \/>\nR\u00e6ktandi: \u00deorvaldur Helgason &amp; Sigr\u00fan Brynja Haraldsd\u00f3ttir<\/p>\n<p>C.I.B. ISCH Anjofra Rat A Tat Tat<br \/>\nIS08887\/05 &#8211; Fd: 15.12.2004<br \/>\nEigandi: Helga Bj\u00f6rk Har\u00f0ard\u00f3ttir<br \/>\nR\u00e6ktandi: Mr F J &amp; Mrs C A Confue<\/p>\n<p>ISCh Zalazar Naja<br \/>\nIS08624\/05 &#8211; Fd: 29.5.2004<br \/>\nEigandi: Krist\u00edn Sveinsd\u00f3ttir<br \/>\nR\u00e6ktandi: Mette Sorum<\/p>\n<p>ISCh Helleb\u00e4ckens Leh\u00e1r &#8211; Marlon<br \/>\nIS10405\/07 &#8211; Fd: 27.7.2001<br \/>\nEigandi: Heidi Line Olsen<br \/>\nR\u00e6ktandi:<\/p>\n<p><strong>Silky terrier <\/strong><\/p>\n<p>ISCh Anton<br \/>\nIS12778\/08 &#8211; Fd: 3.8.2008<br \/>\nEigandi: R\u00f3sa Steingr\u00edmsd\u00f3ttir \/ \u00deorsteinn Kristinsson<br \/>\nR\u00e6ktandi: \u00deorsteinn Kristinsson<\/p>\n<p>ISCh Paradise Passion \u00deula &#8211; Freyja<br \/>\nIS11871\/08 &#8211; Fd: 23.12.2007<br \/>\nEigandi: Rhonica Reynisson<br \/>\nR\u00e6ktandi: El\u00edsabet Kristj\u00e1nsd\u00f3ttir \/ J\u00f3n\u00edna Gu\u00f0n\u00fd El\u00edsabetard\u00f3ttir<\/p>\n<p>ISCh Paradise Passion Greatest Annabell<br \/>\nIS11249\/07 &#8211; Fd: 11.7.2007<br \/>\nEigandi: El\u00edsabet Kristj\u00e1nsd\u00f3ttir \/ J\u00f3n\u00edna Gu\u00f0n\u00fd El\u00edsabetard\u00f3ttir<br \/>\nR\u00e6ktandi: El\u00edsabet Kristj\u00e1nsd\u00f3ttir \/ J\u00f3n\u00edna Gu\u00f0n\u00fd El\u00edsabetard\u00f3ttir<\/p>\n<p>ISCh Bombix Moren Xmasnight &#8211; T\u00f3paz<br \/>\nIS10992\/07 &#8211; Fd: 24.12.2006<br \/>\nEigandi: Sigr\u00ed\u00f0ur Erla Gu\u00f0mundsd\u00f3ttir<br \/>\nR\u00e6ktandi: Irma Leino<\/p>\n<p>ISCh Marimia&#8217;s Made-True-Magic<br \/>\nIS11132\/07 &#8211; Fd: 4.12.2006<br \/>\nEigandi: El\u00edsabet Kristj\u00e1nsd\u00f3ttir \/ J\u00f3n\u00edna Gu\u00f0n\u00fd El\u00edsabetard\u00f3ttir<br \/>\nR\u00e6ktandi: Marianne Blomqvist \/ Mia Veinedotter<\/p>\n<p>ISCh Paradise Passion Tan\u00fd<br \/>\nIS09955\/06 &#8211; Fd: 25.5.2006<br \/>\nEigandi: El\u00edsabet Kristj\u00e1nsd\u00f3ttir \/ J\u00f3n\u00edna Gu\u00f0n\u00fd El\u00edsabetard\u00f3ttir<br \/>\nR\u00e6ktandi: El\u00edsabet Kristj\u00e1nsd\u00f3ttir \/ J\u00f3n\u00edna Gu\u00f0n\u00fd El\u00edsabetard\u00f3ttir<\/p>\n<p>ISCh \u00d6gn &#8211;  \t \tLinda \u00d6gn<br \/>\n<img decoding=\"async\" src=\"..\/gamla\/myndir\/lindaogn.jpg\" alt=\"\" width=\"150\" \/><br \/>\nIS09013\/05 &#8211; Fd: 26.05.2005<br \/>\nEigandi:\u00a0Anna L\u00edn Steele<br \/>\nR\u00e6ktandi: \u00c1sger\u00f0ur Atlad\u00f3ttir<\/p>\n<p>ISCh Dali&#8217;s Little by Little &#8211;  \t\t \t\tDali<br \/>\n<img decoding=\"async\" src=\"..\/gamla\/myndir\/dali.jpg\" alt=\"\" width=\"150\" \/><br \/>\nIS07275\/03 &#8211; Fd: 5.10.2002<br \/>\nEigandi: El\u00edsabet Kristj\u00e1nsd\u00f3ttir<br \/>\nR\u00e6ktandi: Lise &amp; Ine Lohrmann<\/p>\n<p>ISCh \u00d3sbrekku Geysli<br \/>\n<img decoding=\"async\" src=\"..\/gamla\/myndir\/geysli.jpg\" alt=\"\" width=\"150\" \/><br \/>\nIS06367\/01 &#8211; Fd: 21.9.2001<br \/>\nEigandi: Lilja Ingvad\u00f3ttir<br \/>\nR\u00e6ktandi: Brynd\u00eds V\u00edglundsd\u00f3ttir<\/p>\n<p>ISCh Perla P\u00edla<br \/>\n<img decoding=\"async\" src=\"..\/gamla\/myndir\/perla_pila.jpg\" alt=\"\" width=\"150\" \/><br \/>\nIS05460\/99 &#8211; Fd: 04.04.1999<br \/>\nEigandi: \u00deorsteinn Kristinsson<br \/>\nR\u00e6ktandi: Anna Steele<\/p>\n<p>C.I.B. ISCh Sunnuhvols- Jasm\u00edn<br \/>\n<img decoding=\"async\" src=\"..\/gamla\/myndir\/is04797b-jasmin.jpg\" alt=\"\" width=\"150\" \/><br \/>\nIS04797\/98 &#8211; Fd: 14.10.1997<br \/>\nEigandi: Soff\u00eda Krist\u00edn Sigur\u00f0ard\u00f3ttir<br \/>\nR\u00e6ktandi: \u00c1sta Sigur\u00f0ard\u00f3ttir<\/p>\n<p><strong>West highland white terrier <\/strong><\/p>\n<p>ISCh Lj\u00f3sheima-Mj\u00f6ll<br \/>\n<img decoding=\"async\" src=\"..\/gamla\/myndir\/mjoll.jpg\" border=\"0\" alt=\"\" width=\"155\" \/><br \/>\nIS05944\/00 &#8211; Fd: 30.8.2000<br \/>\nEigandi: Martha Clara Bj\u00f6rnsson<br \/>\nR\u00e6ktandi: \u00d3lafur \u00d3lafss.\/Eyv\u00f6r Halld\u00f3rsd.<\/p>\n","protected":false},"excerpt":{"rendered":"<p>Cairn terrier ISCh Forevercairn Leiftur IS13106\/09 &#8211; Fd: 1.2.2009 Eigandi: Sign\u00fd \u00d3lafsd\u00f3ttir R\u00e6ktandi: Krist\u00edn Sveinsd\u00f3ttir ISCh Svanavatns Dark Crow &#8211; Salka IS11510\/08 &#8211; Fd: 2.10.2007 Eigandi: Helga Bj\u00f6rk Har\u00f0ard\u00f3ttir R\u00e6ktandi: \u00deorvaldur Helgason &amp; Sigr\u00fan Brynja Haraldsd\u00f3ttir C.I.B. ISCH Anjofra Rat &hellip; <a href=\"https:\/\/terrier.is\/?page_id=388\">Continue reading <span class=\"meta-nav\">&rarr;<\/span><\/a><\/p>\n","protected":false},"author":1,"featured_media":0,"parent":0,"menu_order":4,"comment_status":"closed","ping_status":"open","template":"","meta":[],"_links":{"self":[{"href":"https:\/\/terrier.is\/index.php?rest_route=\/wp\/v2\/pages\/388"}],"collection":[{"href":"https:\/\/terrier.is\/index.php?rest_route=\/wp\/v2\/pages"}],"about":[{"href":"https:\/\/terrier.is\/index.php?rest_route=\/wp\/v2\/types\/page"}],"author":[{"embeddable":true,"href":"https:\/\/terrier.is\/index.php?rest_route=\/wp\/v2\/users\/1"}],"replies":[{"embeddable":true,"href":"https:\/\/terrier.is\/index.php?rest_route=%2Fwp%2Fv2%2Fcomments&post=388"}],"version-history":[{"count":8,"href":"https:\/\/terrier.is\/index.php?rest_route=\/wp\/v2\/pages\/388\/revisions"}],"predecessor-version":[{"id":391,"href":"https:\/\/terrier.is\/index.php?rest_route=\/wp\/v2\/pages\/388\/revisions\/391"}],"wp:attachment":[{"href":"https:\/\/terrier.is\/index.php?rest_route=%2Fwp%2Fv2%2Fmedia&parent=388"}],"curies":[{"name":"wp","href":"https:\/\/api.w.org\/{rel}","templated":true}]}}